{"id":13778,"date":"2025-06-01T09:47:56","date_gmt":"2025-06-01T09:47:56","guid":{"rendered":"https:\/\/www.blsgroup.com\/?page_id=13778"},"modified":"2025-07-02T07:51:32","modified_gmt":"2025-07-02T07:51:32","slug":"certifications","status":"publish","type":"page","link":"https:\/\/www.blsgroup.com\/fr\/certifications\/","title":{"rendered":"Certifications"},"content":{"rendered":"<p>Da sempre BLS opera con standard elevati in termini di qualit\u00e0, sicurezza e responsabilit\u00e0 sociale.<\/p>\n<p>Le nostre certificazioni attestano il nostro impegno concreto nel rispettare normative nazionali e internazionali, offrendo ai nostri clienti soluzioni affidabili, sicure e trasparenti.<\/p>\n<p>&nbsp;<\/p>\n<h4 data-start=\"1055\" data-end=\"1109\">ISO 9001 \u2013 Sistema di Gestione per la Qualit\u00e0<\/h4>\n<p data-start=\"1055\" data-end=\"1109\">Certificazione che attesta l'efficacia del nostro Sistema di Gestione per la Qualit\u00e0, secondo standard internazionali.<\/p>\n<p data-start=\"1239\" data-end=\"1418\"><strong data-start=\"1239\" data-end=\"1265\">Documenti disponibili:<\/strong><br data-start=\"1265\" data-end=\"1268\" \/>\u2013 <a href=\"https:\/\/www.blsgroup.com\/wp-content\/uploads\/2025\/07\/ISO-9001_2015.pdf\">Certificato ISO 9001 [IT]\u00a0<\/a><br data-start=\"1343\" data-end=\"1346\" \/>\u2013 <a href=\"https:\/\/www.blsgroup.com\/wp-content\/uploads\/2025\/07\/Politica-Qualita-rev-02.pdf\">Politica per la Qualit\u00e0 [IT]\u00a0<\/a><br data-start=\"1385\" data-end=\"1388\" \/>\u2013 <a href=\"https:\/\/www.blsgroup.com\/wp-content\/uploads\/2025\/07\/Politica-Qualita-rev-02-ENG.pdf\">Quality Policy [EN]<\/a><\/p>\n<h4 data-start=\"1239\" data-end=\"1418\"><\/h4>\n<h4 data-start=\"1239\" data-end=\"1418\">UNI\/PdR 125:2022 \u2013 Certificazione per la Parit\u00e0 di Genere*<\/h4>\n<p data-start=\"1425\" data-end=\"1491\">Un percorso avviato per promuovere l'equit\u00e0 e l'inclusione all\u2019interno della nostra organizzazione.<br \/>\nLa certificazione \u00e8 in fase di ottenimento, ma la nostra politica \u00e8 gi\u00e0 attiva.<\/p>\n<p data-start=\"1682\" data-end=\"1800\"><strong data-start=\"1682\" data-end=\"1708\">Documenti disponibili:<\/strong><br data-start=\"1708\" data-end=\"1711\" \/>\u2013 <a href=\"https:\/\/www.blsgroup.com\/wp-content\/uploads\/2025\/06\/Politica-per-la-Parita-di-Genere-Rev.00.pdf\">Politica per la Parit\u00e0 di Genere [IT]<\/a><br data-start=\"1759\" data-end=\"1762\" \/>\u2013 <a href=\"https:\/\/www.blsgroup.com\/wp-content\/uploads\/2025\/07\/Politica-per-la-Parita-di-Genere-Rev.00-en-GB.pdf\">Gender Equality Policy [EN]<\/a><\/p>\n<h6 data-start=\"1682\" data-end=\"1800\"><\/h6>\n<h6 data-start=\"1682\" data-end=\"1800\"><\/h6>\n<h6 data-start=\"1682\" data-end=\"1800\"><span style=\"color: #808080;\">*Valido solo peri siti produttivi italiani<\/span><\/h6>\n","protected":false},"excerpt":{"rendered":"<p>Da sempre BLS opera con standard elevati in termini di qualit\u00e0, sicurezza e responsabilit\u00e0 sociale. Le nostre certificazioni attestano il nostro impegno concreto nel rispettare normative nazionali e internazionali, offrendo ai nostri clienti soluzioni affidabili, sicure e trasparenti. &nbsp; ISO 9001 \u2013 Sistema di Gestione per la Qualit\u00e0 Certificazione che attesta l'efficacia del nostro Sistema [&hellip;]<\/p>\n","protected":false},"author":6940,"featured_media":0,"parent":0,"menu_order":0,"comment_status":"closed","ping_status":"closed","template":"","meta":{"_acf_changed":false,"_seopress_robots_primary_cat":"","_seopress_titles_title":"","_seopress_titles_desc":"","_seopress_robots_index":"","footnotes":""},"class_list":["post-13778","page","type-page","status-publish","hentry"],"acf":[],"_links":{"self":[{"href":"https:\/\/www.blsgroup.com\/fr\/wp-json\/wp\/v2\/pages\/13778","targetHints":{"allow":["GET"]}}],"collection":[{"href":"https:\/\/www.blsgroup.com\/fr\/wp-json\/wp\/v2\/pages"}],"about":[{"href":"https:\/\/www.blsgroup.com\/fr\/wp-json\/wp\/v2\/types\/page"}],"author":[{"embeddable":true,"href":"https:\/\/www.blsgroup.com\/fr\/wp-json\/wp\/v2\/users\/6940"}],"replies":[{"embeddable":true,"href":"https:\/\/www.blsgroup.com\/fr\/wp-json\/wp\/v2\/comments?post=13778"}],"version-history":[{"count":0,"href":"https:\/\/www.blsgroup.com\/fr\/wp-json\/wp\/v2\/pages\/13778\/revisions"}],"wp:attachment":[{"href":"https:\/\/www.blsgroup.com\/fr\/wp-json\/wp\/v2\/media?parent=13778"}],"curies":[{"name":"wp","href":"https:\/\/api.w.org\/{rel}","templated":true}]}}