{"id":342,"date":"2020-12-13T19:02:34","date_gmt":"2020-12-13T19:02:34","guid":{"rendered":"https:\/\/www.blsgroup.com\/?page_id=342"},"modified":"2023-09-11T10:30:42","modified_gmt":"2023-09-11T10:30:42","slug":"cookie-policy","status":"publish","type":"page","link":"https:\/\/www.blsgroup.com\/pt\/cookie-policy\/","title":{"rendered":"Cookie Policy"},"content":{"rendered":"<p>Per rendere il nostro sito pi\u00f9 facile ed intuitivo facciamo uso dei cookie. I cookie sono piccole porzioni di dati che ci permettono di confrontare i visitatori nuovi e quelli passati e di capire come gli utenti navigano attraverso il nostro sito. Utilizziamo i dati raccolti grazie ai cookie per rendere l\u2019esperienza di navigazione pi\u00f9 piacevole e pi\u00f9 efficiente in futuro.<\/p>\n<p>I cookie non registrano alcuna informazione personale su un utente e gli eventuali dati identificabili non verranno memorizzati. Se si desidera disabilitare l\u2019uso dei cookie \u00e8 necessario personalizzare le impostazioni del proprio computer. Per procedere senza modificare l\u2019applicazione dei cookie \u00e8 sufficiente continuare con la navigazione.<\/p>\n<p>&nbsp;<\/p>\n<h3 class=\"p1\">I tipi di cookie che utilizziamo<\/h3>\n<p class=\"p1\"><b>Cookie indispensabili<\/b><\/p>\n<p class=\"p1\">Questi cookie sono essenziali al fine di consentire di spostarsi in tutto il sito ed utilizzare a pieno le sue caratteristiche, come ad esempio accedere alle varie aree protette del sito. Senza questi cookie alcuni servizi necessari, come la compilazione di un form, non possono essere fruiti.<\/p>\n<p class=\"p1\"><strong>Performance cookie<\/strong><\/p>\n<p class=\"p1\">Questi cookie raccolgono informazioni su come gli utenti utilizzano un sito web, ad esempio, quali sono le pagine pi\u00f9 visitare, se si ricevono messaggi di errore da pagine web. Questi cookie non raccolgono informazioni che identificano un visitatore. Tutte le informazioni raccolte tramite cookie sono aggregate e quindi anonime. Vengono utilizzati solo per migliorare il funzionamento di un sito web.<\/p>\n<p class=\"p1\">Utilizzando il nostro sito, l\u2019utente accetta che tali cookie possono essere installati sul proprio dispositivo.<\/p>\n<p class=\"p1\"><b>Cookie di funzionalit\u00e0<\/b><\/p>\n<p class=\"p1\">I cookie consentono al sito di ricordare le scelte fatte dall\u2019utente (come il nome, la lingua o la regione di provenienza) e forniscono funzionalit\u00e0 avanzate personalizzate. Questi cookie possono essere utilizzati anche per ricordare le modifiche apportate alla dimensione del testo, font ed altre parti di pagine web che \u00e8 possibile personalizzare. Essi possono anche essere utilizzati per fornire servizi che hai chiesto come guardare un video o i commenti su un blog. Le informazioni raccolte da questi tipi di cookie possono essere rese anonime e non in grado di monitorare la vostra attivit\u00e0 di navigazione su altri siti web.<\/p>\n<p class=\"p1\">Utilizzando il nostro sito, l\u2019utente accetta che tali cookie possono essere installati sul proprio dispositivo.<\/p>\n<p class=\"p1\">Come \u00e8 d\u2019uso su tutti i siti web, anche questo sito fa uso di cookies, piccoli file di testo che consentono di conservare informazioni sulle preferenze dei visitatori, per migliorare le funzionalit\u00e0 del sito, per semplificarne la navigazione automatizzando le procedure (es. Login, lingua sito) e per l\u2019analisi dell\u2019uso del sito.<\/p>\n<p class=\"p1\">I cookie di sessione sono essenziali per poter distinguere tra gli utenti collegati, e sono utili per evitare che una funzionalit\u00e0 richiesta possa essere fornita all\u2019utente sbagliato, nonch\u00e9 per fini di sicurezza per impedire attacchi informatici al sito. I cookie di sessione non contengono dati personali e durano per la sola sessione in corso, cio\u00e8 fino alla chiusura del browser. Per essi non occorre consenso.<\/p>\n<p class=\"p1\">I functionality cookie utilizzati dal sito sono strettamente necessari per l\u2019uso del sito, in particolare sono collegati ad una espressa richiesta di funzionalit\u00e0 da parte dell\u2019utente (come il Login), per i quali non occorre alcun consenso.<\/p>\n<p class=\"p1\">Utilizzando il sito il visitatore acconsente espressamente all\u2019uso dei cookies.<\/p>\n<p class=\"p1\"><strong>Disabilitazione cookie<\/strong><\/p>\n<p class=\"p1\">I cookies sono collegati al browser utilizzato e possono essere disabilitati direttamente dal browser, cos\u00ec rifiutando\/revocando il consenso all\u2019uso dei cookies. Occorre tenere presente che la disabilitazione dei cookies potrebbe impedire il corretto utilizzo di alcune funzioni del sito stesso.<\/p>\n<p class=\"p1\">Le istruzioni per la disabilitazione dei cookies si trovano alle seguenti pagine web:<\/p>\n<p class=\"p3\"><span class=\"s1\"><a href=\"https:\/\/support.mozilla.org\/it\/kb\/Eliminare%20i%20cookie\">Mozilla Firefox<\/a><\/span><span class=\"s2\"> \u2013 <a href=\"https:\/\/support.microsoft.com\/it-it\/help\/17442\/windows-internet-explorer-delete-manage-cookies\"><span class=\"s3\">Microsoft Internet Explorer<\/span><\/a> \u2013 <a href=\"https:\/\/support.microsoft.com\/it-it\/help\/4027947\/windows-delete-cookies\"><span class=\"s3\">Microsoft Edge<\/span><\/a> \u2013 <a href=\"https:\/\/support.google.com\/accounts\/answer\/61416?co=GENIE.Platform%253DDesktop&amp;hl=it\"><span class=\"s3\">Google Chrome<\/span><\/a> \u2013 <a href=\"https:\/\/www.opera.com\/help\/tutorials\/security\/privacy\/\"><span class=\"s3\">Opera<\/span><\/a> \u2013 <a href=\"https:\/\/support.apple.com\/it-it\/ht201265\"><span class=\"s3\">Apple Safari<\/span><\/a><\/span><\/p>\n<p class=\"p1\"><strong>Cookies di terze parti<\/strong><\/p>\n<p class=\"p1\">Il presente sito funge anche da intermediario per cookies di terze parti, utilizzati per poter fornire ulteriori servizi e funzionalit\u00e0 ai visitatori e per migliorare l\u2019uso del sito stesso, come i pulsanti per i social, oppure video. Questo sito non ha alcun controllo sui cookie delle terze parti, interamente gestiti dalle terze parti. In conseguenza di<\/p>\n<p class=\"p1\">ci\u00f2 le informazioni sull\u2019uso dei detti cookies e sulle finalit\u00e0 degli stessi, nonch\u00e9 sulle modalit\u00e0 per l\u2019eventuale disabilitazione, sono fornite direttamente dalle terze parti alle pagine indicate di seguito.<\/p>\n<p class=\"p1\">In particolare il presente sito utilizza cookies delle seguenti terze parti:<\/p>\n<p class=\"p1\">\u2013 Google Analytics: uno strumento di analisi di Google che attraverso l\u2019uso di cookies (performance cookies), raccoglie dati di navigazione anonimi (IP troncati all\u2019ultimo ottetto) ed esclusivamente aggregati allo scopo di esaminare l\u2019uso del sito da parte degli utenti, compilare report sulle attivit\u00e0 nel sito e fornire altre informazioni, compreso il numero dei visitatori e le pagine visitate. Google pu\u00f2 anche trasferire queste informazioni a terzi ove ci\u00f2 sia imposto dalla legge o laddove tali terzi trattino le suddette informazioni per conto di Google. Google non assocer\u00e0 l\u2019indirizzo Ip a nessun altro dato posseduto da Google. I dati trasmessi a Google sono depositati presso i server di Google negli Stati Uniti.<\/p>\n<p class=\"p1\">In base a specifico accordo con Google, che \u00e8 designato quale responsabile del trattamento dei dati, questi si impegna a trattare i dati in base alle richieste del Titolare (vedi in fondo all\u2019informativa), impartite tramite le impostazioni del software. In base a tali impostazioni le opzioni pubblicitarie e di condivisione dei dati sono disattivate.<\/p>\n<p class=\"p1\">Ulteriori informazioni sui cookies di Google Analytics si trovano alla pagina Google Analytics Cookie Usage on Websites.<\/p>\n<p class=\"p1\">L\u2019utente pu\u00f2 disabilitare in modo selettivo la raccolta di dati da parte di Google Analytics installando sul proprio browser l\u2019apposito componente fornito da Google (opt out). cookie: test_cookie .doubleclick.net non \u00e8 un cookie permanente, ma \u00e8 utilizzato per verificare se il browser dell\u2019utente supporta i cookie.<\/p>\n<p class=\"p1\">Per ulteriori informazioni sull\u2019uso dei dati e sul loro trattamento da parte di Google si raccomanda di prendere visione delle informazioni all\u2019apposita pagina predisposta da Google, e alla pagina sulle Modalit\u00e0 di utilizzo dei dati da parte di Google quando si utilizzano siti o app dei partner.<\/p>\n<p class=\"p1\"><strong>Plugin Social Network<\/strong><\/p>\n<p class=\"p1\">Il presente sito incorpora anche plugin e\/o bottoni per i social network, al fine di consentire una facile condivisione dei contenuti sui vostri social network preferiti. Tali plugin sono programmati in modo da non impostare alcun<\/p>\n<p class=\"p1\">cookie all\u2019accesso della pagina, per salvaguardare la privacy degli utenti. Eventualmente i cookie vengono impostati, se cos\u00ec previsto dai social network, solo quando l\u2019utente fa effettivo e volontario uso del plugin. Si tenga presente che se l\u2019utente naviga essendo loggato nel social network allora ha gi\u00e0 acconsentito all\u2019uso dei cookie veicolati tramite questo sito al momento dell\u2019iscrizione al social network.<\/p>\n<p class=\"p1\">La raccolta e l\u2019uso delle informazioni ottenute a mezzo del plugin sono regolati dalle rispettive informative privacy dei social network, alle quali si prega di fare riferimento.<\/p>\n<ul>\n<li class=\"p1\">Facebook: <a href=\"https:\/\/www.facebook.com\/policies\/cookies\/\" target=\"_blank\" rel=\"noopener\">https:\/\/www.facebook.com\/policies\/cookies\/<\/a><\/li>\n<li class=\"p1\">LinkedIn: <a href=\"https:\/\/www.linkedin.com\/legal\/cookie-policy?_l=it_IT\" target=\"_blank\" rel=\"noopener\">https:\/\/www.linkedin.com\/legal\/cookie-policy?_l=it_IT<\/a><\/li>\n<li class=\"p1\">Google+: <a href=\"https:\/\/policies.google.com\/privacy?hl=it.\">https:\/\/policies.google.com\/privacy?hl=it.<\/a><\/li>\n<\/ul>\n<p class=\"p1\"><strong>Trasferimento di dati in paesi extra UE<\/strong><\/p>\n<p class=\"p1\">Il presente sito potrebbe condividere alcuni dei dati raccolti con servizi localizzati al di fuori dell\u2019area dell\u2019Unione Europea. In particolare con Google, Facebook e Microsoft (LinkedIn) tramite i social plugin e il servizio di Google Analytics. Il trasferimento \u00e8 autorizzato in base a specifiche decisioni dell\u2019Unione Europea e del Garante per la tutela dei dati personali, in particolare la decisione 1250\/2016 (Privacy Shield \u2013 qui la pagina informativa del Garante italiano), per cui non occorre ulteriore consenso. Le aziende sopra menzionate garantiscono la propria adesione al Privacy Shield.<\/p>\n<p class=\"p1\"><span class=\"s1\"><b>PRIVACY POLICY<\/b><\/span><\/p>\n<p class=\"p1\"><b>Protezione dei dati personali dell\u2019utente<\/b><\/p>\n<p class=\"p1\">La registrazione dell\u2019utente sul sito <a href=\"https:\/\/www.blsgroup.com\/pt\/\"><span class=\"s2\"><i>www.blsgroup.com<\/i><\/span><\/a><i> <\/i>\u00e8 subordinata alla preventiva lettura ed accettazione da parte dello stesso della presente informativa relativa al trattamento dei dati personali ed all\u2019autorizzazione dell\u2019interessato al relativo trattamento.<\/p>\n<p class=\"p1\"><b>1. Titolare del trattamento dei dati\u00a0<\/b><\/p>\n<p class=\"p1\">Il titolare del trattamento dei dati personali \u00e8 BLS Srl, con sede in Milano via dei Giovi, 41 \u2013 20032 Cormano (MI) - Italia, codice fiscale e partita Iva IT12296780153 PEC bls@pec.blsgroup.it (\u201cTitolare\u201d).<\/p>\n<p class=\"p1\"><b>2. Tipologie di dati trattati\u00a0\u00a0<\/b><\/p>\n<p class=\"p1\"><b>2.1 Dati di navigazione<\/b><\/p>\n<p class=\"p1\">I sistemi informatici e le procedure software preposte al funzionamento del Sito acquisiscono, nel corso del loro normale esercizio, alcuni dati personali la cui trasmissione \u00e8 implicita nell'uso di protocolli di comunicazione di internet. Si tratta di informazioni che non sono raccolte per essere associate a soggetti identificati, ma che per la loro stessa natura potrebbero permettere di identificare gli utenti. In questa categoria di dati rientrano (i) gli indirizzi IP o i nomi di dominio dei computer utilizzati dagli utenti che si connettono al Sito, (ii) gli indirizzi di notazione URI delle risorse richieste, (iii) l'orario della richiesta, (iv) il metodo\u00a0utilizzato per sottoporre la richiesta al server, (v) la dimensione del file ottenuto in risposta, (vi) il codice numerico indicante lo stato della risposta data dal server (buon fine, errore) ed (vii) altri parametri relativi al sistema operativo e all'ambiente informatico dell'utente. Questi dati vengono utilizzati al solo fine di ricavare informazioni statistiche anonime sull'uso del Sito e per controllarne il corretto funzionamento e vengono cancellati immediatamente dopo l'elaborazione.<\/p>\n<p class=\"p1\"><b>2.2 Cookie<\/b><\/p>\n<p class=\"p1\">Al fine di un corretto funzionamento del Sito si precisa che sono utilizzati solo ed esclusivamente cookie tecnici, nessun cookie di profilazione dell\u2019utente o di terze parti \u00e8 infatti utilizzato durante la fruizione del Sito.<\/p>\n<p class=\"p1\"><b>2.3 Dati forniti volontariamente dall'Utente<\/b><\/p>\n<p class=\"p1\">L'invio facoltativo, esplicito e volontario, da parte dell\u2019Utente, di posta elettronica agli indirizzi mail indicati sul Sito comporta l\u2019acquisizione e il trattamento da parte del Titolare di tali dati e di ogni altra informazione contenuta in tali comunicazioni per le finalit\u00e0 indicate al successivo par. 3.<\/p>\n<p class=\"p1\"><b>3. Finalit\u00e0 del trattamento\u00a0\u00a0<\/b><\/p>\n<p class=\"p1\">I dati personali dell\u2019interessato raccolti al momento della registrazione dello stesso sul Sito saranno trattati allo scopo di delineare il profilo di autenticazione necessario all\u2019utente per accedere a propria discrezione sul Sito medesimo, nonch\u00e9 a delineare il profilo dell\u2019utente al fine di ottimizzare e personalizzare i servizi disponibili a seguito della registrazione.<\/p>\n<p class=\"p1\">Il trattamento dei dati viene effettuato nel rispetto dei limiti e delle condizioni previste dalla legge, con strumenti\u00a0automatizzati, inclusi quelli elettronici e telematici.<\/p>\n<p class=\"p1\"><b>4. Conseguenze di un eventuale rifiuto di rispondere\u00a0\u00a0<\/b><\/p>\n<p class=\"p1\">Il trattamento dei dati di cui al precedente par. 2 \u00e8 necessario per consentire:<\/p>\n<p class=\"p1\">- all\u2019Utente, di registrarsi al Sito e di inoltrare richieste di informazioni al Titolare;<\/p>\n<p class=\"p1\">- al Titolare, di evadere le richieste degli Utenti.<\/p>\n<p class=\"p1\">Il conferimento dei dati personali, pur non essendo obbligatorio, \u00e8 indispensabile per consentire lo svolgimento delle predette attivit\u00e0; pertanto, un eventuale rifiuto, da parte dell\u2019Utente, a fornire tali dati importerebbe l\u2019impossibilit\u00e0, per l\u2019Utente medesimo, di registrarsi al Sito e di comunicare con il Titolare e, per quest\u2019ultimo, di fornire una risposta alle richieste degli Utenti.<\/p>\n<p class=\"p1\"><b>5. Modalit\u00e0 del trattamento\u00a0\u00a0<\/b><\/p>\n<p class=\"p1\">I dati personali sono trattati con sistemi manuali, informatici e automatizzati atti a memorizzare, gestire ed eventualmente trasmettere i dati medesimi, unicamente al fine di perseguire le finalit\u00e0 per le quali gli stessi sono stati raccolti e, comunque, per il tempo necessario a conseguire tali finalit\u00e0, in modo tale da garantirne la sicurezza e la riservatezza. Si precisa, in particolare, che i dati personali dell\u2019Utente potranno essere trattati da parte dei soggetti debitamente incaricati all\u2019assolvimento di tali compiti, nonch\u00e9 mediante l\u2019impiego di misure di sicurezza atte a garantire la tutela della riservatezza di tali dati e ad evitare i rischi di perdita o distruzione, di accessi non autorizzati, di trattamenti non consentiti o non conformi alle finalit\u00e0 di cui sopra.<\/p>\n<p class=\"p1\"><b>6. Diritti dell\u2019interessato\u00a0\u00a0<\/b><\/p>\n<p class=\"p1\">Il Regolamento Privacy UE (capo III, Sezione I) conferisce l'esercizio di specifici diritti a favore dell\u2019interessato, tra cui<\/p>\n<p class=\"p1\"><i>Diritto di accesso<\/i> - Ottenere conferma che sia o meno in corso un trattamento di dati personali che La riguardano e, in tal caso, ricevere informazioni relativamente a, tra le altre: finalit\u00e0 del trattamento, categorie di dati personali trattati e periodo di conservazione, destinatari cui questi possono essere comunicati (articolo 15, GDPR);<\/p>\n<p class=\"p1\"><i>Diritto di rettifica<\/i> - Ottenere, senza ingiustificato ritardo, la rettifica dei dati personali inesatti che La riguardano e l\u2019integrazione dei dati personali incompleti (articolo 16, GDPR);<\/p>\n<p class=\"p1\"><i>Diritto alla cancellazione<\/i> - Ottenere, senza ingiustificato ritardo, la cancellazione dei dati personali che La riguardano, nei casi previsti dal GDPR (articolo 17, GDPR);<\/p>\n<p class=\"p1\">Diritto di limitazione - Ottenere dai Contitolari la limitazione del trattamento, nei casi previsti dal GDPR (articolo 18, GDPR);<\/p>\n<p class=\"p1\"><i>Diritto alla portabilit\u00e0<\/i> - Ricevere in un formato strutturato, di uso comune e leggibile da un dispositivo automatico, i dati personali che La riguardano forniti ai Contitolari e di ottenere che gli stessi siano trasmessi ad altro titolare senza impedimenti, nei casi previsti dal GDPR (articolo 20, GDPR);<\/p>\n<p class=\"p1\"><i>Diritto di opposizione<\/i> - Opporsi al trattamento dei dati personali che La riguardano, salvo che sussistano motivi legittimi per i Contitolari di continuare il trattamento (articolo 21, GDPR);<\/p>\n<p class=\"p1\"><i>Diritto di proporre reclamo all\u2019autorit\u00e0 di controllo<\/i> - Proporre reclamo all\u2019Autorit\u00e0 Garante per la protezione dei dati personali, Piazza di Montecitorio n. 121, 00186, Roma (RM).<\/p>\n<p class=\"p1\">Per esercitare i diritti o per ottenere le informazioni relative all'eventuale trasferimento dei Suoi dati verso un Paese terzo, potr\u00e0 contattare BLS Srl, con sede in Milano via dei Giovi, 41 \u2013 20032 Cormano (MI) - Italia, tel. 02\/39310212, inviare un fax al n. 02\/66200473, inviare un messaggio alla casella di posta elettronica privacy@blsgroup.it o una comunicazione scritta indirizzata alla societ\u00e0.<\/p>\n<p class=\"p1\">Fatto salve ogni altro ricorso amministrativo o giurisdizionale, Lei ha il diritto di proporre reclamo a un'Autorit\u00e0 di controllo, qualora ritenga che il trattamento che La riguarda violi il Regolamenta Privacy UE.<\/p>\n<p class=\"p1\"><b>7. Durata del trattamento e conservazione dei dati personali\u00a0\u00a0<\/b><\/p>\n<p class=\"p1\">I dati personali dell\u2019Utente saranno trattati dal Titolare per il solo periodo di tempo necessario al raggiungimento delle finalit\u00e0 del trattamento di cui al precedente art. 3; dopodich\u00e9 gli stessi verranno conservati per ottemperare a specifici obblighi normativi o contrattuali, ivi inclusi quelli imposti dalle vigenti\u00a0disposizioni in materia civilistica e fiscale, nonch\u00e9 per finalit\u00e0 di tipo amministrativo e\/o per far valere o difendere un proprio diritto, in caso di contenziosi e precontenziosi.<\/p>\n<p class=\"p1\">La presente Privacy policy \u00e8 stata pubblicata il 24.05.2018.<\/p>\n<p class=\"p1\">Eventuali aggiornamenti saranno sempre pubblicati in questa pagina.<\/p>","protected":false},"excerpt":{"rendered":"<p>Per rendere il nostro sito pi\u00f9 facile ed intuitivo facciamo uso dei cookie. I cookie sono piccole porzioni di dati che ci permettono di confrontare i visitatori nuovi e quelli passati e di capire come gli utenti navigano attraverso il nostro sito. Utilizziamo i dati raccolti grazie ai cookie per rendere l\u2019esperienza di navigazione pi\u00f9 [&hellip;]<\/p>\n","protected":false},"author":1,"featured_media":0,"parent":0,"menu_order":0,"comment_status":"closed","ping_status":"closed","template":"","meta":{"_acf_changed":false,"_seopress_robots_primary_cat":"","_seopress_titles_title":"","_seopress_titles_desc":"","_seopress_robots_index":"","footnotes":""},"class_list":["post-342","page","type-page","status-publish","hentry"],"acf":[],"_links":{"self":[{"href":"https:\/\/www.blsgroup.com\/pt\/wp-json\/wp\/v2\/pages\/342","targetHints":{"allow":["GET"]}}],"collection":[{"href":"https:\/\/www.blsgroup.com\/pt\/wp-json\/wp\/v2\/pages"}],"about":[{"href":"https:\/\/www.blsgroup.com\/pt\/wp-json\/wp\/v2\/types\/page"}],"author":[{"embeddable":true,"href":"https:\/\/www.blsgroup.com\/pt\/wp-json\/wp\/v2\/users\/1"}],"replies":[{"embeddable":true,"href":"https:\/\/www.blsgroup.com\/pt\/wp-json\/wp\/v2\/comments?post=342"}],"version-history":[{"count":6,"href":"https:\/\/www.blsgroup.com\/pt\/wp-json\/wp\/v2\/pages\/342\/revisions"}],"predecessor-version":[{"id":9109,"href":"https:\/\/www.blsgroup.com\/pt\/wp-json\/wp\/v2\/pages\/342\/revisions\/9109"}],"wp:attachment":[{"href":"https:\/\/www.blsgroup.com\/pt\/wp-json\/wp\/v2\/media?parent=342"}],"curies":[{"name":"wp","href":"https:\/\/api.w.org\/{rel}","templated":true}]}}